{"id":1067,"date":"2024-04-12T08:51:09","date_gmt":"2024-04-12T08:51:09","guid":{"rendered":"https:\/\/mmagency-digital.com\/worldfood\/"},"modified":"2025-09-22T20:37:13","modified_gmt":"2025-09-22T20:37:13","slug":"worldfood","status":"publish","type":"page","link":"https:\/\/mmagency-digital.com\/lv\/worldfood\/","title":{"rendered":"Worldfood"},"content":{"rendered":"\t\t<div data-elementor-type=\"wp-page\" data-elementor-id=\"1067\" class=\"elementor elementor-1067 elementor-642\">\n\t\t\t\t<div class=\"elementor-element elementor-element-2519ee7 e-con-full e-flex e-con e-parent\" data-id=\"2519ee7\" data-element_type=\"container\" data-settings=\"{&quot;background_background&quot;:&quot;classic&quot;}\">\n\t\t<div class=\"elementor-element elementor-element-f36d1a9 e-con-full e-flex e-con e-child\" data-id=\"f36d1a9\" data-element_type=\"container\">\n\t\t\t\t<div class=\"elementor-element elementor-element-a8c902f elementor-widget elementor-widget-text-editor\" data-id=\"a8c902f\" data-element_type=\"widget\" data-widget_type=\"text-editor.default\">\n\t\t\t\t<div class=\"elementor-widget-container\">\n\t\t\t\t\t\t\t\t\t Bija prieks ar jums tikties izst\u0101d\u0113 WorldFood Poland!\t\t\t\t\t\t\t\t<\/div>\n\t\t\t\t<\/div>\n\t\t\t\t<div class=\"elementor-element elementor-element-ab2442f elementor-widget__width-inherit elementor-widget elementor-widget-text-editor\" data-id=\"ab2442f\" data-element_type=\"widget\" data-widget_type=\"text-editor.default\">\n\t\t\t\t<div class=\"elementor-widget-container\">\n\t\t\t\t\t\t\t\t\tNoskaties \u0161o \u012bso video un sa\u0146em savu d\u0101vanu jau tagad!\t\t\t\t\t\t\t\t<\/div>\n\t\t\t\t<\/div>\n\t\t\t\t<div class=\"elementor-element elementor-element-59abc39 elementor-mobile-align-center elementor-invisible elementor-widget elementor-widget-button\" data-id=\"59abc39\" data-element_type=\"widget\" data-settings=\"{&quot;_animation&quot;:&quot;fadeInRight&quot;}\" data-widget_type=\"button.default\">\n\t\t\t\t<div class=\"elementor-widget-container\">\n\t\t\t\t\t\t\t\t\t<div class=\"elementor-button-wrapper\">\n\t\t\t\t\t<a class=\"elementor-button elementor-button-link elementor-size-lg\" href=\"#contact-us\">\n\t\t\t\t\t\t<span class=\"elementor-button-content-wrapper\">\n\t\t\t\t\t\t\t\t\t<span class=\"elementor-button-text\">Sa\u0146emiet bezmaksas auditu<\/span>\n\t\t\t\t\t<\/span>\n\t\t\t\t\t<\/a>\n\t\t\t\t<\/div>\n\t\t\t\t\t\t\t\t<\/div>\n\t\t\t\t<\/div>\n\t\t\t\t<\/div>\n\t\t<div class=\"elementor-element elementor-element-4a4d5db e-con-full e-flex e-con e-child\" data-id=\"4a4d5db\" data-element_type=\"container\">\n\t\t\t\t<div class=\"elementor-element elementor-element-281d807 elementor-widget elementor-widget-video\" data-id=\"281d807\" data-element_type=\"widget\" data-settings=\"{&quot;youtube_url&quot;:&quot;https:\\\/\\\/youtu.be\\\/iOFot4Pno-4&quot;,&quot;video_type&quot;:&quot;youtube&quot;,&quot;controls&quot;:&quot;yes&quot;}\" data-widget_type=\"video.default\">\n\t\t\t\t<div class=\"elementor-widget-container\">\n\t\t\t\t\t\t\t<div class=\"elementor-wrapper elementor-open-inline\">\n\t\t\t<div class=\"elementor-video\"><\/div>\t\t<\/div>\n\t\t\t\t\t\t<\/div>\n\t\t\t\t<\/div>\n\t\t\t\t<\/div>\n\t\t\t\t<\/div>\n\t\t<div class=\"elementor-element elementor-element-92e4d03 e-con-full e-flex e-con e-parent\" data-id=\"92e4d03\" data-element_type=\"container\" data-settings=\"{&quot;background_background&quot;:&quot;classic&quot;}\">\n\t\t<div class=\"elementor-element elementor-element-8886c39 e-con-full e-flex e-con e-child\" data-id=\"8886c39\" data-element_type=\"container\">\n\t\t\t\t<div class=\"elementor-element elementor-element-8d47cf2 elementor-widget elementor-widget-text-editor\" data-id=\"8d47cf2\" data-element_type=\"widget\" data-widget_type=\"text-editor.default\">\n\t\t\t\t<div class=\"elementor-widget-container\">\n\t\t\t\t\t\t\t\t\tM\u0113s esam 100% p\u0101rliecin\u0101ti, ka 14 m\u0113ne\u0161u laik\u0101 varam palielin\u0101t j\u016bsu uz\u0146\u0113muma apgroz\u012bjumu <span style=\"color: #6d3aff;\">par 960%<\/span>!\t\t\t\t\t\t\t\t<\/div>\n\t\t\t\t<\/div>\n\t\t\t\t<div class=\"elementor-element elementor-element-83215eb elementor-widget elementor-widget-text-editor\" data-id=\"83215eb\" data-element_type=\"widget\" data-widget_type=\"text-editor.default\">\n\t\t\t\t<div class=\"elementor-widget-container\">\n\t\t\t\t\t\t\t\t\t<p>MM Agency m\u0113s specializ\u0113jamies sare\u017e\u0123\u012btu m\u0101rketinga probl\u0113mu risin\u0101\u0161an\u0101, \u012bpa\u0161i t\u0101diem e-komercijas uz\u0146\u0113mumiem k\u0101 j\u016bsu. M\u016bsu komanda ir ap\u0146\u0113musies izstr\u0101d\u0101t individu\u0101las strat\u0113\u0123ijas, kas ne tikai risina j\u016bsu t\u016bl\u012bt\u0113j\u0101s probl\u0113mas, bet ar\u012b paver ce\u013cu ilgtsp\u0113j\u012bgai izaugsmei un pan\u0101kumiem. M\u0113s zin\u0101m, k\u0101 atrast j\u016bsu ide\u0101los klientus un k\u0101 tos notur\u0113t pie jums uz ilgu laiku. Un m\u0113s labpr\u0101t to pier\u0101d\u012bsim jums.<\/p>\n\n<p>Parasti m\u0113s to nepied\u0101v\u0101jam bez maksas, bet \u0161odien, t\u0101 k\u0101 esam 100 % p\u0101rliecin\u0101ti, ka varam pal\u012bdz\u0113t un papla\u0161in\u0101t j\u016bsu uz\u0146\u0113mumu, m\u0113s pied\u0101v\u0101jam bezmaksas m\u0101rketinga sist\u0113mas auditu, lai pal\u012bdz\u0113tu jums identific\u0113t uzlabojumu un izaugsmes iesp\u0113jas. Nav nek\u0101du saist\u012bbu, tikai v\u0113rt\u012bgas atzi\u0146as no m\u016bsu lab\u0101kajiem ekspertiem. Ja m\u016bsu pied\u0101v\u0101jums Jums \u0161\u0137iet pie\u0146emams, m\u0113s pied\u0101v\u0101jam 20% atlaidi pirmajam m\u0113nesim.<\/p>\n\n<p>T\u0101tad, negaidiet. Veiksim pirmo soli, lai jau \u0161odien p\u0101rveidotu j\u016bsu e-komercijas biznesu. Sazinieties ar mums, un m\u0113s iepl\u0101nosim bezmaksas auditu.<\/p>\t\t\t\t\t\t\t\t<\/div>\n\t\t\t\t<\/div>\n\t\t\t\t<div class=\"elementor-element elementor-element-42b21e2 elementor-mobile-align-center elementor-align-center elementor-invisible elementor-widget elementor-widget-button\" data-id=\"42b21e2\" data-element_type=\"widget\" data-settings=\"{&quot;_animation&quot;:&quot;fadeInRight&quot;}\" data-widget_type=\"button.default\">\n\t\t\t\t<div class=\"elementor-widget-container\">\n\t\t\t\t\t\t\t\t\t<div class=\"elementor-button-wrapper\">\n\t\t\t\t\t<a class=\"elementor-button elementor-button-link elementor-size-lg\" href=\"#contact-us\">\n\t\t\t\t\t\t<span class=\"elementor-button-content-wrapper\">\n\t\t\t\t\t\t\t\t\t<span class=\"elementor-button-text\">Sa\u0146emiet bezmaksas auditu<\/span>\n\t\t\t\t\t<\/span>\n\t\t\t\t\t<\/a>\n\t\t\t\t<\/div>\n\t\t\t\t\t\t\t\t<\/div>\n\t\t\t\t<\/div>\n\t\t\t\t<\/div>\n\t\t\t\t<\/div>\n\t\t\t\t<\/div>\n\t\t","protected":false},"excerpt":{"rendered":"<p>Bija prieks ar jums tikties izst\u0101d\u0113 WorldFood Poland!Noskaties \u0161o \u012bso video un sa\u0146em savu d\u0101vanu jau tagad! Sa\u0146emiet bezmaksas auditu https:\/\/youtu.be\/iOFot4Pno-4M\u0113s esam 100% p\u0101rliecin\u0101ti, ka 14 m\u0113ne\u0161u laik\u0101 varam palielin\u0101t j\u016bsu uz\u0146\u0113muma apgroz\u012bjumu par 960%! MM Agency m\u0113s specializ\u0113jamies sare\u017e\u0123\u012btu m\u0101rketinga probl\u0113mu risin\u0101\u0161an\u0101, \u012bpa\u0161i t\u0101diem e-komercijas uz\u0146\u0113mumiem k\u0101 j\u016bsu. M\u016bsu komanda ir ap\u0146\u0113musies izstr\u0101d\u0101t individu\u0101las [&hellip;]<\/p>\n","protected":false},"author":2,"featured_media":0,"parent":0,"menu_order":0,"comment_status":"closed","ping_status":"closed","template":"elementor_header_footer","meta":{"site-sidebar-layout":"no-sidebar","site-content-layout":"","ast-site-content-layout":"full-width-container","site-content-style":"default","site-sidebar-style":"default","ast-global-header-display":"","ast-banner-title-visibility":"","ast-main-header-display":"","ast-hfb-above-header-display":"","ast-hfb-below-header-display":"","ast-hfb-mobile-header-display":"","site-post-title":"disabled","ast-breadcrumbs-content":"","ast-featured-img":"disabled","footer-sml-layout":"","ast-disable-related-posts":"","theme-transparent-header-meta":"default","adv-header-id-meta":"","stick-header-meta":"","header-above-stick-meta":"","header-main-stick-meta":"","header-below-stick-meta":"","astra-migrate-meta-layouts":"set","ast-page-background-enabled":"default","ast-page-background-meta":{"desktop":{"background-color":"var(--ast-global-color-4)","background-image":"","background-repeat":"repeat","background-position":"center center","background-size":"auto","background-attachment":"scroll","background-type":"","background-media":"","overlay-type":"","overlay-color":"","overlay-opacity":"","overlay-gradient":""},"tablet":{"background-color":"","background-image":"","background-repeat":"repeat","background-position":"center center","background-size":"auto","background-attachment":"scroll","background-type":"","background-media":"","overlay-type":"","overlay-color":"","overlay-opacity":"","overlay-gradient":""},"mobile":{"background-color":"","background-image":"","background-repeat":"repeat","background-position":"center center","background-size":"auto","background-attachment":"scroll","background-type":"","background-media":"","overlay-type":"","overlay-color":"","overlay-opacity":"","overlay-gradient":""}},"ast-content-background-meta":{"desktop":{"background-color":"var(--ast-global-color-5)","background-image":"","background-repeat":"repeat","background-position":"center center","background-size":"auto","background-attachment":"scroll","background-type":"","background-media":"","overlay-type":"","overlay-color":"","overlay-opacity":"","overlay-gradient":""},"tablet":{"background-color":"var(--ast-global-color-5)","background-image":"","background-repeat":"repeat","background-position":"center center","background-size":"auto","background-attachment":"scroll","background-type":"","background-media":"","overlay-type":"","overlay-color":"","overlay-opacity":"","overlay-gradient":""},"mobile":{"background-color":"var(--ast-global-color-5)","background-image":"","background-repeat":"repeat","background-position":"center center","background-size":"auto","background-attachment":"scroll","background-type":"","background-media":"","overlay-type":"","overlay-color":"","overlay-opacity":"","overlay-gradient":""}},"footnotes":""},"class_list":["post-1067","page","type-page","status-publish","hentry"],"yoast_head":"<!-- This site is optimized with the Yoast SEO Premium plugin v25.8 (Yoast SEO v25.8) - https:\/\/yoast.com\/wordpress\/plugins\/seo\/ -->\n<title>Worldfood - MM Agency<\/title>\n<meta name=\"robots\" content=\"noindex, nofollow\" \/>\n<meta property=\"og:locale\" content=\"lv_LV\" \/>\n<meta property=\"og:type\" content=\"article\" \/>\n<meta property=\"og:title\" content=\"Worldfood\" \/>\n<meta property=\"og:description\" content=\"Bija prieks ar jums tikties izst\u0101d\u0113 WorldFood Poland!Noskaties \u0161o \u012bso video un sa\u0146em savu d\u0101vanu jau tagad! Sa\u0146emiet bezmaksas auditu https:\/\/youtu.be\/iOFot4Pno-4M\u0113s esam 100% p\u0101rliecin\u0101ti, ka 14 m\u0113ne\u0161u laik\u0101 varam palielin\u0101t j\u016bsu uz\u0146\u0113muma apgroz\u012bjumu par 960%! MM Agency m\u0113s specializ\u0113jamies sare\u017e\u0123\u012btu m\u0101rketinga probl\u0113mu risin\u0101\u0161an\u0101, \u012bpa\u0161i t\u0101diem e-komercijas uz\u0146\u0113mumiem k\u0101 j\u016bsu. M\u016bsu komanda ir ap\u0146\u0113musies izstr\u0101d\u0101t individu\u0101las [&hellip;]\" \/>\n<meta property=\"og:url\" content=\"https:\/\/mmagency-digital.com\/lv\/worldfood\/\" \/>\n<meta property=\"og:site_name\" content=\"MM Agency\" \/>\n<meta property=\"article:publisher\" content=\"https:\/\/www.facebook.com\/monsteragensy\" \/>\n<meta property=\"article:modified_time\" content=\"2025-09-22T20:37:13+00:00\" \/>\n<meta name=\"twitter:card\" content=\"summary_large_image\" \/>\n<meta name=\"twitter:label1\" content=\"Est. reading time\" \/>\n\t<meta name=\"twitter:data1\" content=\"1 minute\" \/>\n<script type=\"application\/ld+json\" class=\"yoast-schema-graph\">{\"@context\":\"https:\/\/schema.org\",\"@graph\":[{\"@type\":\"WebPage\",\"@id\":\"https:\/\/mmagency-digital.com\/lv\/worldfood\/\",\"url\":\"https:\/\/mmagency-digital.com\/lv\/worldfood\/\",\"name\":\"Worldfood - MM Agency\",\"isPartOf\":{\"@id\":\"http:\/\/mmagency-digital.com\/#website\"},\"datePublished\":\"2024-04-12T08:51:09+00:00\",\"dateModified\":\"2025-09-22T20:37:13+00:00\",\"breadcrumb\":{\"@id\":\"https:\/\/mmagency-digital.com\/lv\/worldfood\/#breadcrumb\"},\"inLanguage\":\"lv-LV\",\"potentialAction\":[{\"@type\":\"ReadAction\",\"target\":[\"https:\/\/mmagency-digital.com\/lv\/worldfood\/\"]}]},{\"@type\":\"BreadcrumbList\",\"@id\":\"https:\/\/mmagency-digital.com\/lv\/worldfood\/#breadcrumb\",\"itemListElement\":[{\"@type\":\"ListItem\",\"position\":1,\"name\":\"\u0413\u043b\u0430\u0432\u043d\u0430\u044f \u0441\u0442\u0440\u0430\u043d\u0438\u0446\u0430\",\"item\":\"https:\/\/mmagency-digital.com\/lv\/\"},{\"@type\":\"ListItem\",\"position\":2,\"name\":\"Worldfood\"}]},{\"@type\":\"WebSite\",\"@id\":\"http:\/\/mmagency-digital.com\/#website\",\"url\":\"http:\/\/mmagency-digital.com\/\",\"name\":\"MM Agency\",\"description\":\"Digital marketing for Ecom, B2B and B2C\",\"publisher\":{\"@id\":\"http:\/\/mmagency-digital.com\/#organization\"},\"potentialAction\":[{\"@type\":\"SearchAction\",\"target\":{\"@type\":\"EntryPoint\",\"urlTemplate\":\"http:\/\/mmagency-digital.com\/?s={search_term_string}\"},\"query-input\":{\"@type\":\"PropertyValueSpecification\",\"valueRequired\":true,\"valueName\":\"search_term_string\"}}],\"inLanguage\":\"lv-LV\"},{\"@type\":\"Organization\",\"@id\":\"http:\/\/mmagency-digital.com\/#organization\",\"name\":\"Marketing Monster SIA\",\"url\":\"http:\/\/mmagency-digital.com\/\",\"logo\":{\"@type\":\"ImageObject\",\"inLanguage\":\"lv-LV\",\"@id\":\"http:\/\/mmagency-digital.com\/#\/schema\/logo\/image\/\",\"url\":\"https:\/\/mmagency-digital.com\/wp-content\/uploads\/2025\/04\/mmagency_logo.jpg\",\"contentUrl\":\"https:\/\/mmagency-digital.com\/wp-content\/uploads\/2025\/04\/mmagency_logo.jpg\",\"width\":725,\"height\":616,\"caption\":\"Marketing Monster SIA\"},\"image\":{\"@id\":\"http:\/\/mmagency-digital.com\/#\/schema\/logo\/image\/\"},\"sameAs\":[\"https:\/\/www.facebook.com\/monsteragensy\",\"https:\/\/www.linkedin.com\/company\/90957029\/\"]}]}<\/script>\n<!-- \/ Yoast SEO Premium plugin. -->","yoast_head_json":{"title":"Worldfood - MM Agency","robots":{"index":"noindex","follow":"nofollow"},"og_locale":"lv_LV","og_type":"article","og_title":"Worldfood","og_description":"Bija prieks ar jums tikties izst\u0101d\u0113 WorldFood Poland!Noskaties \u0161o \u012bso video un sa\u0146em savu d\u0101vanu jau tagad! Sa\u0146emiet bezmaksas auditu https:\/\/youtu.be\/iOFot4Pno-4M\u0113s esam 100% p\u0101rliecin\u0101ti, ka 14 m\u0113ne\u0161u laik\u0101 varam palielin\u0101t j\u016bsu uz\u0146\u0113muma apgroz\u012bjumu par 960%! MM Agency m\u0113s specializ\u0113jamies sare\u017e\u0123\u012btu m\u0101rketinga probl\u0113mu risin\u0101\u0161an\u0101, \u012bpa\u0161i t\u0101diem e-komercijas uz\u0146\u0113mumiem k\u0101 j\u016bsu. M\u016bsu komanda ir ap\u0146\u0113musies izstr\u0101d\u0101t individu\u0101las [&hellip;]","og_url":"https:\/\/mmagency-digital.com\/lv\/worldfood\/","og_site_name":"MM Agency","article_publisher":"https:\/\/www.facebook.com\/monsteragensy","article_modified_time":"2025-09-22T20:37:13+00:00","twitter_card":"summary_large_image","twitter_misc":{"Est. reading time":"1 minute"},"schema":{"@context":"https:\/\/schema.org","@graph":[{"@type":"WebPage","@id":"https:\/\/mmagency-digital.com\/lv\/worldfood\/","url":"https:\/\/mmagency-digital.com\/lv\/worldfood\/","name":"Worldfood - MM Agency","isPartOf":{"@id":"http:\/\/mmagency-digital.com\/#website"},"datePublished":"2024-04-12T08:51:09+00:00","dateModified":"2025-09-22T20:37:13+00:00","breadcrumb":{"@id":"https:\/\/mmagency-digital.com\/lv\/worldfood\/#breadcrumb"},"inLanguage":"lv-LV","potentialAction":[{"@type":"ReadAction","target":["https:\/\/mmagency-digital.com\/lv\/worldfood\/"]}]},{"@type":"BreadcrumbList","@id":"https:\/\/mmagency-digital.com\/lv\/worldfood\/#breadcrumb","itemListElement":[{"@type":"ListItem","position":1,"name":"\u0413\u043b\u0430\u0432\u043d\u0430\u044f \u0441\u0442\u0440\u0430\u043d\u0438\u0446\u0430","item":"https:\/\/mmagency-digital.com\/lv\/"},{"@type":"ListItem","position":2,"name":"Worldfood"}]},{"@type":"WebSite","@id":"http:\/\/mmagency-digital.com\/#website","url":"http:\/\/mmagency-digital.com\/","name":"MM Agency","description":"Digital marketing for Ecom, B2B and B2C","publisher":{"@id":"http:\/\/mmagency-digital.com\/#organization"},"potentialAction":[{"@type":"SearchAction","target":{"@type":"EntryPoint","urlTemplate":"http:\/\/mmagency-digital.com\/?s={search_term_string}"},"query-input":{"@type":"PropertyValueSpecification","valueRequired":true,"valueName":"search_term_string"}}],"inLanguage":"lv-LV"},{"@type":"Organization","@id":"http:\/\/mmagency-digital.com\/#organization","name":"Marketing Monster SIA","url":"http:\/\/mmagency-digital.com\/","logo":{"@type":"ImageObject","inLanguage":"lv-LV","@id":"http:\/\/mmagency-digital.com\/#\/schema\/logo\/image\/","url":"https:\/\/mmagency-digital.com\/wp-content\/uploads\/2025\/04\/mmagency_logo.jpg","contentUrl":"https:\/\/mmagency-digital.com\/wp-content\/uploads\/2025\/04\/mmagency_logo.jpg","width":725,"height":616,"caption":"Marketing Monster SIA"},"image":{"@id":"http:\/\/mmagency-digital.com\/#\/schema\/logo\/image\/"},"sameAs":["https:\/\/www.facebook.com\/monsteragensy","https:\/\/www.linkedin.com\/company\/90957029\/"]}]}},"_links":{"self":[{"href":"https:\/\/mmagency-digital.com\/lv\/wp-json\/wp\/v2\/pages\/1067","targetHints":{"allow":["GET"]}}],"collection":[{"href":"https:\/\/mmagency-digital.com\/lv\/wp-json\/wp\/v2\/pages"}],"about":[{"href":"https:\/\/mmagency-digital.com\/lv\/wp-json\/wp\/v2\/types\/page"}],"author":[{"embeddable":true,"href":"https:\/\/mmagency-digital.com\/lv\/wp-json\/wp\/v2\/users\/2"}],"replies":[{"embeddable":true,"href":"https:\/\/mmagency-digital.com\/lv\/wp-json\/wp\/v2\/comments?post=1067"}],"version-history":[{"count":2,"href":"https:\/\/mmagency-digital.com\/lv\/wp-json\/wp\/v2\/pages\/1067\/revisions"}],"predecessor-version":[{"id":1288,"href":"https:\/\/mmagency-digital.com\/lv\/wp-json\/wp\/v2\/pages\/1067\/revisions\/1288"}],"wp:attachment":[{"href":"https:\/\/mmagency-digital.com\/lv\/wp-json\/wp\/v2\/media?parent=1067"}],"curies":[{"name":"wp","href":"https:\/\/api.w.org\/{rel}","templated":true}]}}