{"id":1057,"date":"2024-04-11T14:53:28","date_gmt":"2024-04-11T14:53:28","guid":{"rendered":"https:\/\/mmagency-digital.com\/apkope\/"},"modified":"2025-09-22T21:06:05","modified_gmt":"2025-09-22T21:06:05","slug":"apkope","status":"publish","type":"page","link":"https:\/\/mmagency-digital.com\/lv\/apkope\/","title":{"rendered":"Apkope"},"content":{"rendered":"\t\t<div data-elementor-type=\"wp-page\" data-elementor-id=\"1057\" class=\"elementor elementor-1057 elementor-623\">\n\t\t\t\t<div class=\"elementor-element elementor-element-25e0468 e-con-full e-flex e-con e-parent\" data-id=\"25e0468\" data-element_type=\"container\" data-settings=\"{&quot;background_background&quot;:&quot;classic&quot;}\">\n\t\t<div class=\"elementor-element elementor-element-1a7ba41 e-con-full e-flex e-con e-child\" data-id=\"1a7ba41\" data-element_type=\"container\">\n\t\t\t\t<div class=\"elementor-element elementor-element-81f35d7 elementor-widget elementor-widget-text-editor\" data-id=\"81f35d7\" data-element_type=\"widget\" data-widget_type=\"text-editor.default\">\n\t\t\t\t<div class=\"elementor-widget-container\">\n\t\t\t\t\t\t\t\t\tM\u0113s joproj\u0101m str\u0101d\u0101jam pie \u0161\u012bs sada\u013cas\t\t\t\t\t\t\t\t<\/div>\n\t\t\t\t<\/div>\n\t\t\t\t<div class=\"elementor-element elementor-element-d20322f elementor-widget elementor-widget-text-editor\" data-id=\"d20322f\" data-element_type=\"widget\" data-widget_type=\"text-editor.default\">\n\t\t\t\t<div class=\"elementor-widget-container\">\n\t\t\t\t\t\t\t\t\t<p>Piesakies un uzzini pirmais par izlai\u0161anu<\/p>\t\t\t\t\t\t\t\t<\/div>\n\t\t\t\t<\/div>\n\t\t\t\t<div class=\"elementor-element elementor-element-b65fb52 elementor-widget elementor-widget-html\" data-id=\"b65fb52\" data-element_type=\"widget\" data-widget_type=\"html.default\">\n\t\t\t\t<div class=\"elementor-widget-container\">\n\t\t\t\t\t<div id=\"omnisend-embedded-v2-66165a18d35343176c441176\"><\/div>\t\t\t\t<\/div>\n\t\t\t\t<\/div>\n\t\t\t\t<\/div>\n\t\t\t\t<\/div>\n\t\t\t\t<\/div>\n\t\t","protected":false},"excerpt":{"rendered":"<p>M\u0113s joproj\u0101m str\u0101d\u0101jam pie \u0161\u012bs sada\u013cas Piesakies un uzzini pirmais par izlai\u0161anu<\/p>\n","protected":false},"author":2,"featured_media":0,"parent":0,"menu_order":0,"comment_status":"closed","ping_status":"closed","template":"elementor_header_footer","meta":{"site-sidebar-layout":"no-sidebar","site-content-layout":"","ast-site-content-layout":"full-width-container","site-content-style":"default","site-sidebar-style":"default","ast-global-header-display":"","ast-banner-title-visibility":"","ast-main-header-display":"","ast-hfb-above-header-display":"","ast-hfb-below-header-display":"","ast-hfb-mobile-header-display":"","site-post-title":"disabled","ast-breadcrumbs-content":"","ast-featured-img":"disabled","footer-sml-layout":"","ast-disable-related-posts":"","theme-transparent-header-meta":"default","adv-header-id-meta":"","stick-header-meta":"","header-above-stick-meta":"","header-main-stick-meta":"","header-below-stick-meta":"","astra-migrate-meta-layouts":"set","ast-page-background-enabled":"default","ast-page-background-meta":{"desktop":{"background-color":"var(--ast-global-color-4)","background-image":"","background-repeat":"repeat","background-position":"center center","background-size":"auto","background-attachment":"scroll","background-type":"","background-media":"","overlay-type":"","overlay-color":"","overlay-opacity":"","overlay-gradient":""},"tablet":{"background-color":"","background-image":"","background-repeat":"repeat","background-position":"center center","background-size":"auto","background-attachment":"scroll","background-type":"","background-media":"","overlay-type":"","overlay-color":"","overlay-opacity":"","overlay-gradient":""},"mobile":{"background-color":"","background-image":"","background-repeat":"repeat","background-position":"center center","background-size":"auto","background-attachment":"scroll","background-type":"","background-media":"","overlay-type":"","overlay-color":"","overlay-opacity":"","overlay-gradient":""}},"ast-content-background-meta":{"desktop":{"background-color":"var(--ast-global-color-5)","background-image":"","background-repeat":"repeat","background-position":"center center","background-size":"auto","background-attachment":"scroll","background-type":"","background-media":"","overlay-type":"","overlay-color":"","overlay-opacity":"","overlay-gradient":""},"tablet":{"background-color":"var(--ast-global-color-5)","background-image":"","background-repeat":"repeat","background-position":"center center","background-size":"auto","background-attachment":"scroll","background-type":"","background-media":"","overlay-type":"","overlay-color":"","overlay-opacity":"","overlay-gradient":""},"mobile":{"background-color":"var(--ast-global-color-5)","background-image":"","background-repeat":"repeat","background-position":"center center","background-size":"auto","background-attachment":"scroll","background-type":"","background-media":"","overlay-type":"","overlay-color":"","overlay-opacity":"","overlay-gradient":""}},"footnotes":""},"class_list":["post-1057","page","type-page","status-publish","hentry"],"yoast_head":"<!-- This site is optimized with the Yoast SEO Premium plugin v25.8 (Yoast SEO v25.8) - https:\/\/yoast.com\/wordpress\/plugins\/seo\/ -->\n<title>Apkope - MM Agency<\/title>\n<meta name=\"robots\" content=\"noindex, nofollow\" \/>\n<meta property=\"og:locale\" content=\"lv_LV\" \/>\n<meta property=\"og:type\" content=\"article\" \/>\n<meta property=\"og:title\" content=\"Apkope\" \/>\n<meta property=\"og:description\" content=\"M\u0113s joproj\u0101m str\u0101d\u0101jam pie \u0161\u012bs sada\u013cas Piesakies un uzzini pirmais par izlai\u0161anu\" \/>\n<meta property=\"og:url\" content=\"https:\/\/mmagency-digital.com\/lv\/apkope\/\" \/>\n<meta property=\"og:site_name\" content=\"MM Agency\" \/>\n<meta property=\"article:publisher\" content=\"https:\/\/www.facebook.com\/monsteragensy\" \/>\n<meta property=\"article:modified_time\" content=\"2025-09-22T21:06:05+00:00\" \/>\n<meta name=\"twitter:card\" content=\"summary_large_image\" \/>\n<meta name=\"twitter:label1\" content=\"Est. reading time\" \/>\n\t<meta name=\"twitter:data1\" content=\"1 minute\" \/>\n<script type=\"application\/ld+json\" class=\"yoast-schema-graph\">{\"@context\":\"https:\/\/schema.org\",\"@graph\":[{\"@type\":\"WebPage\",\"@id\":\"https:\/\/mmagency-digital.com\/lv\/apkope\/\",\"url\":\"https:\/\/mmagency-digital.com\/lv\/apkope\/\",\"name\":\"Apkope - MM Agency\",\"isPartOf\":{\"@id\":\"http:\/\/mmagency-digital.com\/#website\"},\"datePublished\":\"2024-04-11T14:53:28+00:00\",\"dateModified\":\"2025-09-22T21:06:05+00:00\",\"breadcrumb\":{\"@id\":\"https:\/\/mmagency-digital.com\/lv\/apkope\/#breadcrumb\"},\"inLanguage\":\"lv-LV\",\"potentialAction\":[{\"@type\":\"ReadAction\",\"target\":[\"https:\/\/mmagency-digital.com\/lv\/apkope\/\"]}]},{\"@type\":\"BreadcrumbList\",\"@id\":\"https:\/\/mmagency-digital.com\/lv\/apkope\/#breadcrumb\",\"itemListElement\":[{\"@type\":\"ListItem\",\"position\":1,\"name\":\"\u0413\u043b\u0430\u0432\u043d\u0430\u044f \u0441\u0442\u0440\u0430\u043d\u0438\u0446\u0430\",\"item\":\"https:\/\/mmagency-digital.com\/lv\/\"},{\"@type\":\"ListItem\",\"position\":2,\"name\":\"Apkope\"}]},{\"@type\":\"WebSite\",\"@id\":\"http:\/\/mmagency-digital.com\/#website\",\"url\":\"http:\/\/mmagency-digital.com\/\",\"name\":\"MM Agency\",\"description\":\"Digital marketing for Ecom, B2B and B2C\",\"publisher\":{\"@id\":\"http:\/\/mmagency-digital.com\/#organization\"},\"potentialAction\":[{\"@type\":\"SearchAction\",\"target\":{\"@type\":\"EntryPoint\",\"urlTemplate\":\"http:\/\/mmagency-digital.com\/?s={search_term_string}\"},\"query-input\":{\"@type\":\"PropertyValueSpecification\",\"valueRequired\":true,\"valueName\":\"search_term_string\"}}],\"inLanguage\":\"lv-LV\"},{\"@type\":\"Organization\",\"@id\":\"http:\/\/mmagency-digital.com\/#organization\",\"name\":\"Marketing Monster SIA\",\"url\":\"http:\/\/mmagency-digital.com\/\",\"logo\":{\"@type\":\"ImageObject\",\"inLanguage\":\"lv-LV\",\"@id\":\"http:\/\/mmagency-digital.com\/#\/schema\/logo\/image\/\",\"url\":\"https:\/\/mmagency-digital.com\/wp-content\/uploads\/2025\/04\/mmagency_logo.jpg\",\"contentUrl\":\"https:\/\/mmagency-digital.com\/wp-content\/uploads\/2025\/04\/mmagency_logo.jpg\",\"width\":725,\"height\":616,\"caption\":\"Marketing Monster SIA\"},\"image\":{\"@id\":\"http:\/\/mmagency-digital.com\/#\/schema\/logo\/image\/\"},\"sameAs\":[\"https:\/\/www.facebook.com\/monsteragensy\",\"https:\/\/www.linkedin.com\/company\/90957029\/\"]}]}<\/script>\n<!-- \/ Yoast SEO Premium plugin. -->","yoast_head_json":{"title":"Apkope - MM Agency","robots":{"index":"noindex","follow":"nofollow"},"og_locale":"lv_LV","og_type":"article","og_title":"Apkope","og_description":"M\u0113s joproj\u0101m str\u0101d\u0101jam pie \u0161\u012bs sada\u013cas Piesakies un uzzini pirmais par izlai\u0161anu","og_url":"https:\/\/mmagency-digital.com\/lv\/apkope\/","og_site_name":"MM Agency","article_publisher":"https:\/\/www.facebook.com\/monsteragensy","article_modified_time":"2025-09-22T21:06:05+00:00","twitter_card":"summary_large_image","twitter_misc":{"Est. reading time":"1 minute"},"schema":{"@context":"https:\/\/schema.org","@graph":[{"@type":"WebPage","@id":"https:\/\/mmagency-digital.com\/lv\/apkope\/","url":"https:\/\/mmagency-digital.com\/lv\/apkope\/","name":"Apkope - MM Agency","isPartOf":{"@id":"http:\/\/mmagency-digital.com\/#website"},"datePublished":"2024-04-11T14:53:28+00:00","dateModified":"2025-09-22T21:06:05+00:00","breadcrumb":{"@id":"https:\/\/mmagency-digital.com\/lv\/apkope\/#breadcrumb"},"inLanguage":"lv-LV","potentialAction":[{"@type":"ReadAction","target":["https:\/\/mmagency-digital.com\/lv\/apkope\/"]}]},{"@type":"BreadcrumbList","@id":"https:\/\/mmagency-digital.com\/lv\/apkope\/#breadcrumb","itemListElement":[{"@type":"ListItem","position":1,"name":"\u0413\u043b\u0430\u0432\u043d\u0430\u044f \u0441\u0442\u0440\u0430\u043d\u0438\u0446\u0430","item":"https:\/\/mmagency-digital.com\/lv\/"},{"@type":"ListItem","position":2,"name":"Apkope"}]},{"@type":"WebSite","@id":"http:\/\/mmagency-digital.com\/#website","url":"http:\/\/mmagency-digital.com\/","name":"MM Agency","description":"Digital marketing for Ecom, B2B and B2C","publisher":{"@id":"http:\/\/mmagency-digital.com\/#organization"},"potentialAction":[{"@type":"SearchAction","target":{"@type":"EntryPoint","urlTemplate":"http:\/\/mmagency-digital.com\/?s={search_term_string}"},"query-input":{"@type":"PropertyValueSpecification","valueRequired":true,"valueName":"search_term_string"}}],"inLanguage":"lv-LV"},{"@type":"Organization","@id":"http:\/\/mmagency-digital.com\/#organization","name":"Marketing Monster SIA","url":"http:\/\/mmagency-digital.com\/","logo":{"@type":"ImageObject","inLanguage":"lv-LV","@id":"http:\/\/mmagency-digital.com\/#\/schema\/logo\/image\/","url":"https:\/\/mmagency-digital.com\/wp-content\/uploads\/2025\/04\/mmagency_logo.jpg","contentUrl":"https:\/\/mmagency-digital.com\/wp-content\/uploads\/2025\/04\/mmagency_logo.jpg","width":725,"height":616,"caption":"Marketing Monster SIA"},"image":{"@id":"http:\/\/mmagency-digital.com\/#\/schema\/logo\/image\/"},"sameAs":["https:\/\/www.facebook.com\/monsteragensy","https:\/\/www.linkedin.com\/company\/90957029\/"]}]}},"_links":{"self":[{"href":"https:\/\/mmagency-digital.com\/lv\/wp-json\/wp\/v2\/pages\/1057","targetHints":{"allow":["GET"]}}],"collection":[{"href":"https:\/\/mmagency-digital.com\/lv\/wp-json\/wp\/v2\/pages"}],"about":[{"href":"https:\/\/mmagency-digital.com\/lv\/wp-json\/wp\/v2\/types\/page"}],"author":[{"embeddable":true,"href":"https:\/\/mmagency-digital.com\/lv\/wp-json\/wp\/v2\/users\/2"}],"replies":[{"embeddable":true,"href":"https:\/\/mmagency-digital.com\/lv\/wp-json\/wp\/v2\/comments?post=1057"}],"version-history":[{"count":2,"href":"https:\/\/mmagency-digital.com\/lv\/wp-json\/wp\/v2\/pages\/1057\/revisions"}],"predecessor-version":[{"id":1296,"href":"https:\/\/mmagency-digital.com\/lv\/wp-json\/wp\/v2\/pages\/1057\/revisions\/1296"}],"wp:attachment":[{"href":"https:\/\/mmagency-digital.com\/lv\/wp-json\/wp\/v2\/media?parent=1057"}],"curies":[{"name":"wp","href":"https:\/\/api.w.org\/{rel}","templated":true}]}}