{"id":1048,"date":"2024-03-19T15:18:11","date_gmt":"2024-03-19T15:18:11","guid":{"rendered":"https:\/\/mmagency-digital.com\/audits\/"},"modified":"2025-09-22T21:06:48","modified_gmt":"2025-09-22T21:06:48","slug":"audits","status":"publish","type":"page","link":"https:\/\/mmagency-digital.com\/lv\/audits\/","title":{"rendered":"Audits"},"content":{"rendered":"\t\t<div data-elementor-type=\"wp-page\" data-elementor-id=\"1048\" class=\"elementor elementor-1048 elementor-557\">\n\t\t\t\t<div class=\"elementor-element elementor-element-c35709d e-flex e-con-boxed e-con e-parent\" data-id=\"c35709d\" data-element_type=\"container\">\n\t\t\t\t\t<div class=\"e-con-inner\">\n\t\t\t\t<div class=\"elementor-element elementor-element-cef5ace elementor-widget elementor-widget-heading\" data-id=\"cef5ace\" data-element_type=\"widget\" data-widget_type=\"heading.default\">\n\t\t\t\t<div class=\"elementor-widget-container\">\n\t\t\t\t\t<h2 class=\"elementor-heading-title elementor-size-default\">M\u0113s der\u0113jam, ka atrad\u012bsim vismaz <b>3 k\u013c\u016bdas<\/b> tav\u0101 rekl\u0101mas kont\u0101, kas <b>kav\u0113 tavas p\u0101rdo\u0161anas<\/b>.<\/h2>\t\t\t\t<\/div>\n\t\t\t\t<\/div>\n\t\t\t\t<div class=\"elementor-element elementor-element-0d70a36 elementor-widget elementor-widget-heading\" data-id=\"0d70a36\" data-element_type=\"widget\" data-widget_type=\"heading.default\">\n\t\t\t\t<div class=\"elementor-widget-container\">\n\t\t\t\t\t<h3 class=\"elementor-heading-title elementor-size-default\"><span>P\u0101rtrauc t\u0113r\u0113t bud\u017eetu rekl\u0101m\u0101m, kas nep\u0101rdod!<\/span><\/h3>\t\t\t\t<\/div>\n\t\t\t\t<\/div>\n\t\t\t\t\t<\/div>\n\t\t\t\t<\/div>\n\t\t<div class=\"elementor-element elementor-element-2fe4c10 e-flex e-con-boxed e-con e-parent\" data-id=\"2fe4c10\" data-element_type=\"container\">\n\t\t\t\t\t<div class=\"e-con-inner\">\n\t\t\t\t<div class=\"elementor-element elementor-element-b40b2bd elementor-widget elementor-widget-text-editor\" data-id=\"b40b2bd\" data-element_type=\"widget\" data-widget_type=\"text-editor.default\">\n\t\t\t\t<div class=\"elementor-widget-container\">\n\t\t\t\t\t\t\t\t\t<p><span style=\"color: #0d0d0d; font-family: S\u00f6hne, ui-sans-serif, system-ui, -apple-system, 'Segoe UI', Roboto, Ubuntu, Cantarell, 'Noto Sans', sans-serif, 'Helvetica Neue', Arial, 'Apple Color Emoji', 'Segoe UI Emoji', 'Segoe UI Symbol', 'Noto Color Emoji'; white-space-collapse: preserve;\">Vai esi noguris no naudas ieguld\u012b\u0161anas rekl\u0101mas kampa\u0146\u0101s, kas nenes rezult\u0101tus? Vai tev \u0161\u0137iet, ka tav\u0101m p\u0101rdo\u0161an\u0101m vajadz\u0113tu b\u016bt liel\u0101kiem? Tu neesi vien\u012bgais. Daudzi \u012bpa\u0161nieki saskaras ar tie\u0161i \u0161\u0101d\u0101m probl\u0113m\u0101m, bet l\u016bk lab\u0101 zi\u0146a: <\/span><span style=\"border: 0px solid #e3e3e3; --tw-border-spacing-x: 0; --tw-border-spacing-y: 0; --tw-translate-x: 0; --tw-translate-y: 0; --tw-rotate: 0; --tw-skew-x: 0; --tw-skew-y: 0; --tw-scale-x: 1; --tw-scale-y: 1; --tw-scroll-snap-strictness: proximity; --tw-ring-offset-width: 0px; --tw-ring-offset-color: #fff; --tw-ring-color: rgba(69,89,164,.5); --tw-ring-offset-shadow: 0 0 transparent; --tw-ring-shadow: 0 0 transparent; --tw-shadow: 0 0 transparent; --tw-shadow-colored: 0 0 transparent; font-weight: 600; color: #0d0d0d; font-family: S\u00f6hne, ui-sans-serif, system-ui, -apple-system, 'Segoe UI', Roboto, Ubuntu, Cantarell, 'Noto Sans', sans-serif, 'Helvetica Neue', Arial, 'Apple Color Emoji', 'Segoe UI Emoji', 'Segoe UI Symbol', 'Noto Color Emoji'; white-space-collapse: preserve;\">M\u0113s esam \u0161eit, lai pal\u012bdz\u0113tu tev main\u012bt situ\u0101ciju.<\/span><\/p>\t\t\t\t\t\t\t\t<\/div>\n\t\t\t\t<\/div>\n\t\t\t\t\t<\/div>\n\t\t\t\t<\/div>\n\t\t<div class=\"elementor-element elementor-element-e0479ab e-flex e-con-boxed e-con e-parent\" data-id=\"e0479ab\" data-element_type=\"container\">\n\t\t\t\t\t<div class=\"e-con-inner\">\n\t\t\t\t<div class=\"elementor-element elementor-element-0a109e7 elementor-widget elementor-widget-text-editor\" data-id=\"0a109e7\" data-element_type=\"widget\" data-widget_type=\"text-editor.default\">\n\t\t\t\t<div class=\"elementor-widget-container\">\n\t\t\t\t\t\t\t\t\t<p>M\u0113s der\u0113jam, ka varam atrast <span style=\"border: 0px solid #e3e3e3; --tw-border-spacing-x: 0; --tw-border-spacing-y: 0; --tw-translate-x: 0; --tw-translate-y: 0; --tw-rotate: 0; --tw-skew-x: 0; --tw-skew-y: 0; --tw-scale-x: 1; --tw-scale-y: 1; --tw-scroll-snap-strictness: proximity; --tw-ring-offset-width: 0px; --tw-ring-offset-color: #fff; --tw-ring-color: rgba(69,89,164,.5); --tw-ring-offset-shadow: 0 0 transparent; --tw-ring-shadow: 0 0 transparent; --tw-shadow: 0 0 transparent; --tw-shadow-colored: 0 0 transparent; font-weight: 600; color: var(--tw-prose-bold);\">vismaz 3 kritiskas k\u013c\u016bdas<\/span> tavos rekl\u0101mas kontos, kas pa\u0161laik kav\u0113 tavas p\u0101rdo\u0161anas. Ar m\u016bsu ekspertu anal\u012bzi m\u0113s identific\u0113sim nopl\u016bdes tavos rekl\u0101mas t\u0113ri\u0146os un pl\u0101nu maksim\u0101lai rekl\u0101mas ieguld\u012bjumu atdevei (ROAS). M\u016bsu m\u0113r\u0137is? Atrisin\u0101t probl\u0113mas tav\u0101 rekl\u0101mas kont\u0101 un iev\u0113rojami palielin\u0101t tavus ie\u0146\u0113mumus.<\/p><p style=\"border-style: solid; border-color: #e3e3e3; --tw-border-spacing-x: 0; --tw-border-spacing-y: 0; --tw-translate-x: 0; --tw-translate-y: 0; --tw-rotate: 0; --tw-skew-x: 0; --tw-skew-y: 0; --tw-scale-x: 1; --tw-scale-y: 1; --tw-scroll-snap-strictness: proximity; --tw-ring-offset-width: 0px; --tw-ring-offset-color: #fff; --tw-ring-color: rgba(69,89,164,.5); --tw-ring-offset-shadow: 0 0 transparent; --tw-ring-shadow: 0 0 transparent; --tw-shadow: 0 0 transparent; --tw-shadow-colored: 0 0 transparent; margin-top: 1.25em; margin-bottom: 1.25em; color: #0d0d0d; font-family: S\u00f6hne, ui-sans-serif, system-ui, -apple-system, 'Segoe UI', Roboto, Ubuntu, Cantarell, 'Noto Sans', sans-serif, 'Helvetica Neue', Arial, 'Apple Color Emoji', 'Segoe UI Emoji', 'Segoe UI Symbol', 'Noto Color Emoji'; font-size: 16px; font-style: normal; font-weight: 400; white-space-collapse: preserve;\"><span style=\"border: 0px solid #e3e3e3; --tw-border-spacing-x: 0; --tw-border-spacing-y: 0; --tw-translate-x: 0; --tw-translate-y: 0; --tw-rotate: 0; --tw-skew-x: 0; --tw-skew-y: 0; --tw-scale-x: 1; --tw-scale-y: 1; --tw-scroll-snap-strictness: proximity; --tw-ring-offset-width: 0px; --tw-ring-offset-color: #fff; --tw-ring-color: rgba(69,89,164,.5); --tw-ring-offset-shadow: 0 0 transparent; --tw-ring-shadow: 0 0 transparent; --tw-shadow: 0 0 transparent; --tw-shadow-colored: 0 0 transparent; font-weight: 600; color: var(--tw-prose-bold);\">Ja tu c\u012bnies ar:<\/span><\/p><ul><li>Iz\u0161\u0137iestu bud\u017eetu neefekt\u012bv\u0101m rekl\u0101m\u0101m<\/li><li>Zemu ROAS, kas noz\u012bm\u0113, ka tu nesa\u0146em pietiekamu atdevi no saviem ieguld\u012bjumiem<\/li><li>Frustr\u0101ciju, neredzot taust\u0101mus rezult\u0101tus no tav\u0101m apmaks\u0101taj\u0101m rekl\u0101m\u0101m<\/li><\/ul>\t\t\t\t\t\t\t\t<\/div>\n\t\t\t\t<\/div>\n\t\t\t\t\t<\/div>\n\t\t\t\t<\/div>\n\t\t<div class=\"elementor-element elementor-element-822c9f0 e-flex e-con-boxed e-con e-parent\" data-id=\"822c9f0\" data-element_type=\"container\">\n\t\t\t\t\t<div class=\"e-con-inner\">\n\t\t\t\t<div class=\"elementor-element elementor-element-23db397 elementor-widget elementor-widget-heading\" data-id=\"23db397\" data-element_type=\"widget\" data-widget_type=\"heading.default\">\n\t\t\t\t<div class=\"elementor-widget-container\">\n\t\t\t\t\t<h3 class=\"elementor-heading-title elementor-size-default\">Sa\u0146em auditu, <span>kas ne tikai diagnostic\u0113 tavas rekl\u0101mas konta probl\u0113mas, bet ar\u012b nodro\u0161ina tev piel\u0101gotu gl\u0101b\u0161anas pl\u0101nu, ieskaitot praktisku padomu, k\u0101 nekav\u0113joties s\u0101kt uzlabot tavas veikala rekl\u0101mas efektivit\u0101ti.<\/span> <\/h3>\t\t\t\t<\/div>\n\t\t\t\t<\/div>\n\t\t\t\t\t<\/div>\n\t\t\t\t<\/div>\n\t\t<div class=\"elementor-element elementor-element-f0e05f8 e-flex e-con-boxed e-con e-parent\" data-id=\"f0e05f8\" data-element_type=\"container\">\n\t\t\t\t\t<div class=\"e-con-inner\">\n\t\t\t\t<div class=\"elementor-element elementor-element-4631bb9 elementor-widget elementor-widget-text-editor\" data-id=\"4631bb9\" data-element_type=\"widget\" data-widget_type=\"text-editor.default\">\n\t\t\t\t<div class=\"elementor-widget-container\">\n\t\t\t\t\t\t\t\t\t<p style=\"border-style: solid; border-color: #e3e3e3; --tw-border-spacing-x: 0; --tw-border-spacing-y: 0; --tw-translate-x: 0; --tw-translate-y: 0; --tw-rotate: 0; --tw-skew-x: 0; --tw-skew-y: 0; --tw-scale-x: 1; --tw-scale-y: 1; --tw-scroll-snap-strictness: proximity; --tw-ring-offset-width: 0px; --tw-ring-offset-color: #fff; --tw-ring-color: rgba(69,89,164,.5); --tw-ring-offset-shadow: 0 0 transparent; --tw-ring-shadow: 0 0 transparent; --tw-shadow: 0 0 transparent; --tw-shadow-colored: 0 0 transparent; margin-top: 1.25em; margin-bottom: 1.25em; color: #0d0d0d; font-family: S\u00f6hne, ui-sans-serif, system-ui, -apple-system, 'Segoe UI', Roboto, Ubuntu, Cantarell, 'Noto Sans', sans-serif, 'Helvetica Neue', Arial, 'Apple Color Emoji', 'Segoe UI Emoji', 'Segoe UI Symbol', 'Noto Color Emoji'; font-size: 16px; font-style: normal; font-weight: 400; white-space-collapse: preserve;\">\u0160is pied\u0101v\u0101jums ietver:<\/p><ol><li>Visaptvero\u0161u tavu rekl\u0101mas kontu p\u0101rskatu, lai identific\u0113tu tr\u012bs galven\u0101s k\u013c\u016bdas, kas tev maks\u0101 p\u0101rdo\u0161anas.<\/li><li>Personaliz\u0113tu 40 min\u016b\u0161u individu\u0101lu konsult\u0101ciju, lai apspriestu m\u016bsu atkl\u0101jumus un tavu piel\u0101goto gl\u0101b\u0161anas pl\u0101nu.<\/li><li>Tie\u0161o zi\u0146ojumapmai\u0146as atbalstu soci\u0101lajos medijos, lai nodro\u0161in\u0101tu, ka tev ir vad\u012bba katr\u0101 sol\u012b.<\/li><\/ol>\t\t\t\t\t\t\t\t<\/div>\n\t\t\t\t<\/div>\n\t\t\t\t\t<\/div>\n\t\t\t\t<\/div>\n\t\t<div class=\"elementor-element elementor-element-9b90efd e-flex e-con-boxed e-con e-parent\" data-id=\"9b90efd\" data-element_type=\"container\">\n\t\t\t\t\t<div class=\"e-con-inner\">\n\t\t\t\t<div class=\"elementor-element elementor-element-4142008 elementor-align-center animated-slow elementor-invisible elementor-widget elementor-widget-button\" data-id=\"4142008\" data-element_type=\"widget\" data-settings=\"{&quot;_animation&quot;:&quot;pulse&quot;}\" data-widget_type=\"button.default\">\n\t\t\t\t<div class=\"elementor-widget-container\">\n\t\t\t\t\t\t\t\t\t<div class=\"elementor-button-wrapper\">\n\t\t\t\t\t<a class=\"elementor-button elementor-button-link elementor-size-md\" href=\"#\" rel=\"nofollow\">\n\t\t\t\t\t\t<span class=\"elementor-button-content-wrapper\">\n\t\t\t\t\t\t\t\t\t<span class=\"elementor-button-text\">Sa\u0146em auditu<\/span>\n\t\t\t\t\t<\/span>\n\t\t\t\t\t<\/a>\n\t\t\t\t<\/div>\n\t\t\t\t\t\t\t\t<\/div>\n\t\t\t\t<\/div>\n\t\t\t\t\t<\/div>\n\t\t\t\t<\/div>\n\t\t\t\t<\/div>\n\t\t","protected":false},"excerpt":{"rendered":"<p>M\u0113s der\u0113jam, ka atrad\u012bsim vismaz 3 k\u013c\u016bdas tav\u0101 rekl\u0101mas kont\u0101, kas kav\u0113 tavas p\u0101rdo\u0161anas. P\u0101rtrauc t\u0113r\u0113t bud\u017eetu rekl\u0101m\u0101m, kas nep\u0101rdod! Vai esi noguris no naudas ieguld\u012b\u0161anas rekl\u0101mas kampa\u0146\u0101s, kas nenes rezult\u0101tus? Vai tev \u0161\u0137iet, ka tav\u0101m p\u0101rdo\u0161an\u0101m vajadz\u0113tu b\u016bt liel\u0101kiem? Tu neesi vien\u012bgais. Daudzi \u012bpa\u0161nieki saskaras ar tie\u0161i \u0161\u0101d\u0101m probl\u0113m\u0101m, bet l\u016bk lab\u0101 zi\u0146a: M\u0113s [&hellip;]<\/p>\n","protected":false},"author":2,"featured_media":0,"parent":0,"menu_order":0,"comment_status":"closed","ping_status":"closed","template":"","meta":{"site-sidebar-layout":"no-sidebar","site-content-layout":"","ast-site-content-layout":"full-width-container","site-content-style":"default","site-sidebar-style":"default","ast-global-header-display":"","ast-banner-title-visibility":"","ast-main-header-display":"","ast-hfb-above-header-display":"","ast-hfb-below-header-display":"","ast-hfb-mobile-header-display":"","site-post-title":"disabled","ast-breadcrumbs-content":"","ast-featured-img":"disabled","footer-sml-layout":"","ast-disable-related-posts":"","theme-transparent-header-meta":"default","adv-header-id-meta":"","stick-header-meta":"","header-above-stick-meta":"","header-main-stick-meta":"","header-below-stick-meta":"","astra-migrate-meta-layouts":"set","ast-page-background-enabled":"default","ast-page-background-meta":{"desktop":{"background-color":"var(--ast-global-color-4)","background-image":"","background-repeat":"repeat","background-position":"center center","background-size":"auto","background-attachment":"scroll","background-type":"","background-media":"","overlay-type":"","overlay-color":"","overlay-opacity":"","overlay-gradient":""},"tablet":{"background-color":"","background-image":"","background-repeat":"repeat","background-position":"center center","background-size":"auto","background-attachment":"scroll","background-type":"","background-media":"","overlay-type":"","overlay-color":"","overlay-opacity":"","overlay-gradient":""},"mobile":{"background-color":"","background-image":"","background-repeat":"repeat","background-position":"center center","background-size":"auto","background-attachment":"scroll","background-type":"","background-media":"","overlay-type":"","overlay-color":"","overlay-opacity":"","overlay-gradient":""}},"ast-content-background-meta":{"desktop":{"background-color":"var(--ast-global-color-5)","background-image":"","background-repeat":"repeat","background-position":"center center","background-size":"auto","background-attachment":"scroll","background-type":"","background-media":"","overlay-type":"","overlay-color":"","overlay-opacity":"","overlay-gradient":""},"tablet":{"background-color":"var(--ast-global-color-5)","background-image":"","background-repeat":"repeat","background-position":"center center","background-size":"auto","background-attachment":"scroll","background-type":"","background-media":"","overlay-type":"","overlay-color":"","overlay-opacity":"","overlay-gradient":""},"mobile":{"background-color":"var(--ast-global-color-5)","background-image":"","background-repeat":"repeat","background-position":"center center","background-size":"auto","background-attachment":"scroll","background-type":"","background-media":"","overlay-type":"","overlay-color":"","overlay-opacity":"","overlay-gradient":""}},"footnotes":""},"class_list":["post-1048","page","type-page","status-publish","hentry"],"yoast_head":"<!-- This site is optimized with the Yoast SEO Premium plugin v25.8 (Yoast SEO v25.8) - https:\/\/yoast.com\/wordpress\/plugins\/seo\/ -->\n<title>Audits - MM Agency<\/title>\n<meta name=\"robots\" content=\"noindex, nofollow\" \/>\n<meta property=\"og:locale\" content=\"lv_LV\" \/>\n<meta property=\"og:type\" content=\"article\" \/>\n<meta property=\"og:title\" content=\"Audits\" \/>\n<meta property=\"og:description\" content=\"M\u0113s der\u0113jam, ka atrad\u012bsim vismaz 3 k\u013c\u016bdas tav\u0101 rekl\u0101mas kont\u0101, kas kav\u0113 tavas p\u0101rdo\u0161anas. P\u0101rtrauc t\u0113r\u0113t bud\u017eetu rekl\u0101m\u0101m, kas nep\u0101rdod! Vai esi noguris no naudas ieguld\u012b\u0161anas rekl\u0101mas kampa\u0146\u0101s, kas nenes rezult\u0101tus? Vai tev \u0161\u0137iet, ka tav\u0101m p\u0101rdo\u0161an\u0101m vajadz\u0113tu b\u016bt liel\u0101kiem? Tu neesi vien\u012bgais. Daudzi \u012bpa\u0161nieki saskaras ar tie\u0161i \u0161\u0101d\u0101m probl\u0113m\u0101m, bet l\u016bk lab\u0101 zi\u0146a: M\u0113s [&hellip;]\" \/>\n<meta property=\"og:url\" content=\"https:\/\/mmagency-digital.com\/lv\/audits\/\" \/>\n<meta property=\"og:site_name\" content=\"MM Agency\" \/>\n<meta property=\"article:publisher\" content=\"https:\/\/www.facebook.com\/monsteragensy\" \/>\n<meta property=\"article:modified_time\" content=\"2025-09-22T21:06:48+00:00\" \/>\n<meta name=\"twitter:card\" content=\"summary_large_image\" \/>\n<meta name=\"twitter:label1\" content=\"Est. reading time\" \/>\n\t<meta name=\"twitter:data1\" content=\"1 minute\" \/>\n<script type=\"application\/ld+json\" class=\"yoast-schema-graph\">{\"@context\":\"https:\/\/schema.org\",\"@graph\":[{\"@type\":\"WebPage\",\"@id\":\"https:\/\/mmagency-digital.com\/lv\/audits\/\",\"url\":\"https:\/\/mmagency-digital.com\/lv\/audits\/\",\"name\":\"Audits - MM Agency\",\"isPartOf\":{\"@id\":\"http:\/\/mmagency-digital.com\/#website\"},\"datePublished\":\"2024-03-19T15:18:11+00:00\",\"dateModified\":\"2025-09-22T21:06:48+00:00\",\"breadcrumb\":{\"@id\":\"https:\/\/mmagency-digital.com\/lv\/audits\/#breadcrumb\"},\"inLanguage\":\"lv-LV\",\"potentialAction\":[{\"@type\":\"ReadAction\",\"target\":[\"https:\/\/mmagency-digital.com\/lv\/audits\/\"]}]},{\"@type\":\"BreadcrumbList\",\"@id\":\"https:\/\/mmagency-digital.com\/lv\/audits\/#breadcrumb\",\"itemListElement\":[{\"@type\":\"ListItem\",\"position\":1,\"name\":\"\u0413\u043b\u0430\u0432\u043d\u0430\u044f \u0441\u0442\u0440\u0430\u043d\u0438\u0446\u0430\",\"item\":\"https:\/\/mmagency-digital.com\/lv\/\"},{\"@type\":\"ListItem\",\"position\":2,\"name\":\"Audits\"}]},{\"@type\":\"WebSite\",\"@id\":\"http:\/\/mmagency-digital.com\/#website\",\"url\":\"http:\/\/mmagency-digital.com\/\",\"name\":\"MM Agency\",\"description\":\"Digital marketing for Ecom, B2B and B2C\",\"publisher\":{\"@id\":\"http:\/\/mmagency-digital.com\/#organization\"},\"potentialAction\":[{\"@type\":\"SearchAction\",\"target\":{\"@type\":\"EntryPoint\",\"urlTemplate\":\"http:\/\/mmagency-digital.com\/?s={search_term_string}\"},\"query-input\":{\"@type\":\"PropertyValueSpecification\",\"valueRequired\":true,\"valueName\":\"search_term_string\"}}],\"inLanguage\":\"lv-LV\"},{\"@type\":\"Organization\",\"@id\":\"http:\/\/mmagency-digital.com\/#organization\",\"name\":\"Marketing Monster SIA\",\"url\":\"http:\/\/mmagency-digital.com\/\",\"logo\":{\"@type\":\"ImageObject\",\"inLanguage\":\"lv-LV\",\"@id\":\"http:\/\/mmagency-digital.com\/#\/schema\/logo\/image\/\",\"url\":\"https:\/\/mmagency-digital.com\/wp-content\/uploads\/2025\/04\/mmagency_logo.jpg\",\"contentUrl\":\"https:\/\/mmagency-digital.com\/wp-content\/uploads\/2025\/04\/mmagency_logo.jpg\",\"width\":725,\"height\":616,\"caption\":\"Marketing Monster SIA\"},\"image\":{\"@id\":\"http:\/\/mmagency-digital.com\/#\/schema\/logo\/image\/\"},\"sameAs\":[\"https:\/\/www.facebook.com\/monsteragensy\",\"https:\/\/www.linkedin.com\/company\/90957029\/\"]}]}<\/script>\n<!-- \/ Yoast SEO Premium plugin. -->","yoast_head_json":{"title":"Audits - MM Agency","robots":{"index":"noindex","follow":"nofollow"},"og_locale":"lv_LV","og_type":"article","og_title":"Audits","og_description":"M\u0113s der\u0113jam, ka atrad\u012bsim vismaz 3 k\u013c\u016bdas tav\u0101 rekl\u0101mas kont\u0101, kas kav\u0113 tavas p\u0101rdo\u0161anas. P\u0101rtrauc t\u0113r\u0113t bud\u017eetu rekl\u0101m\u0101m, kas nep\u0101rdod! Vai esi noguris no naudas ieguld\u012b\u0161anas rekl\u0101mas kampa\u0146\u0101s, kas nenes rezult\u0101tus? Vai tev \u0161\u0137iet, ka tav\u0101m p\u0101rdo\u0161an\u0101m vajadz\u0113tu b\u016bt liel\u0101kiem? Tu neesi vien\u012bgais. Daudzi \u012bpa\u0161nieki saskaras ar tie\u0161i \u0161\u0101d\u0101m probl\u0113m\u0101m, bet l\u016bk lab\u0101 zi\u0146a: M\u0113s [&hellip;]","og_url":"https:\/\/mmagency-digital.com\/lv\/audits\/","og_site_name":"MM Agency","article_publisher":"https:\/\/www.facebook.com\/monsteragensy","article_modified_time":"2025-09-22T21:06:48+00:00","twitter_card":"summary_large_image","twitter_misc":{"Est. reading time":"1 minute"},"schema":{"@context":"https:\/\/schema.org","@graph":[{"@type":"WebPage","@id":"https:\/\/mmagency-digital.com\/lv\/audits\/","url":"https:\/\/mmagency-digital.com\/lv\/audits\/","name":"Audits - MM Agency","isPartOf":{"@id":"http:\/\/mmagency-digital.com\/#website"},"datePublished":"2024-03-19T15:18:11+00:00","dateModified":"2025-09-22T21:06:48+00:00","breadcrumb":{"@id":"https:\/\/mmagency-digital.com\/lv\/audits\/#breadcrumb"},"inLanguage":"lv-LV","potentialAction":[{"@type":"ReadAction","target":["https:\/\/mmagency-digital.com\/lv\/audits\/"]}]},{"@type":"BreadcrumbList","@id":"https:\/\/mmagency-digital.com\/lv\/audits\/#breadcrumb","itemListElement":[{"@type":"ListItem","position":1,"name":"\u0413\u043b\u0430\u0432\u043d\u0430\u044f \u0441\u0442\u0440\u0430\u043d\u0438\u0446\u0430","item":"https:\/\/mmagency-digital.com\/lv\/"},{"@type":"ListItem","position":2,"name":"Audits"}]},{"@type":"WebSite","@id":"http:\/\/mmagency-digital.com\/#website","url":"http:\/\/mmagency-digital.com\/","name":"MM Agency","description":"Digital marketing for Ecom, B2B and B2C","publisher":{"@id":"http:\/\/mmagency-digital.com\/#organization"},"potentialAction":[{"@type":"SearchAction","target":{"@type":"EntryPoint","urlTemplate":"http:\/\/mmagency-digital.com\/?s={search_term_string}"},"query-input":{"@type":"PropertyValueSpecification","valueRequired":true,"valueName":"search_term_string"}}],"inLanguage":"lv-LV"},{"@type":"Organization","@id":"http:\/\/mmagency-digital.com\/#organization","name":"Marketing Monster SIA","url":"http:\/\/mmagency-digital.com\/","logo":{"@type":"ImageObject","inLanguage":"lv-LV","@id":"http:\/\/mmagency-digital.com\/#\/schema\/logo\/image\/","url":"https:\/\/mmagency-digital.com\/wp-content\/uploads\/2025\/04\/mmagency_logo.jpg","contentUrl":"https:\/\/mmagency-digital.com\/wp-content\/uploads\/2025\/04\/mmagency_logo.jpg","width":725,"height":616,"caption":"Marketing Monster SIA"},"image":{"@id":"http:\/\/mmagency-digital.com\/#\/schema\/logo\/image\/"},"sameAs":["https:\/\/www.facebook.com\/monsteragensy","https:\/\/www.linkedin.com\/company\/90957029\/"]}]}},"_links":{"self":[{"href":"https:\/\/mmagency-digital.com\/lv\/wp-json\/wp\/v2\/pages\/1048","targetHints":{"allow":["GET"]}}],"collection":[{"href":"https:\/\/mmagency-digital.com\/lv\/wp-json\/wp\/v2\/pages"}],"about":[{"href":"https:\/\/mmagency-digital.com\/lv\/wp-json\/wp\/v2\/types\/page"}],"author":[{"embeddable":true,"href":"https:\/\/mmagency-digital.com\/lv\/wp-json\/wp\/v2\/users\/2"}],"replies":[{"embeddable":true,"href":"https:\/\/mmagency-digital.com\/lv\/wp-json\/wp\/v2\/comments?post=1048"}],"version-history":[{"count":2,"href":"https:\/\/mmagency-digital.com\/lv\/wp-json\/wp\/v2\/pages\/1048\/revisions"}],"predecessor-version":[{"id":1297,"href":"https:\/\/mmagency-digital.com\/lv\/wp-json\/wp\/v2\/pages\/1048\/revisions\/1297"}],"wp:attachment":[{"href":"https:\/\/mmagency-digital.com\/lv\/wp-json\/wp\/v2\/media?parent=1048"}],"curies":[{"name":"wp","href":"https:\/\/api.w.org\/{rel}","templated":true}]}}